{"id":92,"date":"2020-12-09T21:55:36","date_gmt":"2020-12-09T21:55:36","guid":{"rendered":"http:\/\/slagbaumas.lt\/?page_id=92"},"modified":"2020-12-09T22:40:38","modified_gmt":"2020-12-09T22:40:38","slug":"elementor-92","status":"publish","type":"page","link":"https:\/\/slagbaumas.lt\/index.php\/elementor-92\/","title":{"rendered":"Kontaktai"},"content":{"rendered":"\t\t<div data-elementor-type=\"wp-page\" data-elementor-id=\"92\" class=\"elementor elementor-92\" data-elementor-post-type=\"page\">\n\t\t\t\t\t\t<section class=\"elementor-section elementor-top-section elementor-element elementor-element-fd0f7b5 elementor-section-boxed elementor-section-height-default elementor-section-height-default\" data-id=\"fd0f7b5\" data-element_type=\"section\" data-e-type=\"section\">\n\t\t\t\t\t\t<div class=\"elementor-container elementor-column-gap-default\">\n\t\t\t\t\t<div class=\"elementor-column elementor-col-100 elementor-top-column elementor-element elementor-element-e152780\" data-id=\"e152780\" data-element_type=\"column\" data-e-type=\"column\">\n\t\t\t<div class=\"elementor-widget-wrap elementor-element-populated\">\n\t\t\t\t\t\t<div class=\"elementor-element elementor-element-0eb60a2 elementor-widget elementor-widget-text-editor\" data-id=\"0eb60a2\" data-element_type=\"widget\" data-e-type=\"widget\" data-widget_type=\"text-editor.default\">\n\t\t\t\t<div class=\"elementor-widget-container\">\n\t\t\t\t\t\t\t\t\t<p><strong>Skaitmenini\u0173 sprendim\u0173 grup\u0117<\/strong>&nbsp;<\/p>\n<p><strong>Adresas:<\/strong>&nbsp;Mindaugo g. 42, LT-03210 Vilnius<strong><br>\u012emon\u0117s kodas:&nbsp;<\/strong>303163429<br><strong>PVM mok\u0117tojo kodas :<\/strong>&nbsp;LT100008896811<br><strong>Telefonas:&nbsp;<\/strong>+37062775772<strong><br>el.pa\u0161tas :<\/strong>&nbsp;<a href=\"mailto:info@ssgrupe.lt\" target=\"_blank\" rel=\"noopener\">info@ssgrupe.lt<\/a><\/p>\n<p>Atsiskaitomoji s\u0105skaita: LT883500010010125443&nbsp; &nbsp; &nbsp;\u201d Paysera LT \u201d UAB&nbsp;&nbsp;<\/p><p><span class=\"iban-number-group\">EVP6<\/span><span class=\"iban-number-group\">9100<\/span><span class=\"iban-number-group\">1012<\/span><span class=\"iban-number-group\">5443 Paysera vidin\u0117 s\u0105skaita<\/span><\/p>\t\t\t\t\t\t\t\t<\/div>\n\t\t\t\t<\/div>\n\t\t\t\t\t<\/div>\n\t\t<\/div>\n\t\t\t\t\t<\/div>\n\t\t<\/section>\n\t\t\t\t<section class=\"elementor-section elementor-top-section elementor-element elementor-element-806515c elementor-section-boxed elementor-section-height-default elementor-section-height-default\" data-id=\"806515c\" data-element_type=\"section\" data-e-type=\"section\">\n\t\t\t\t\t\t<div class=\"elementor-container elementor-column-gap-default\">\n\t\t\t\t\t<div class=\"elementor-column elementor-col-100 elementor-top-column elementor-element elementor-element-1c824ca\" data-id=\"1c824ca\" data-element_type=\"column\" data-e-type=\"column\">\n\t\t\t<div class=\"elementor-widget-wrap elementor-element-populated\">\n\t\t\t\t\t\t<div class=\"elementor-element elementor-element-3fc4b74 elementor-widget elementor-widget-google_maps\" data-id=\"3fc4b74\" data-element_type=\"widget\" data-e-type=\"widget\" data-widget_type=\"google_maps.default\">\n\t\t\t\t<div class=\"elementor-widget-container\">\n\t\t\t\t\t\t\t<div class=\"elementor-custom-embed\">\n\t\t\t<iframe loading=\"lazy\"\n\t\t\t\t\tsrc=\"https:\/\/maps.google.com\/maps?q=54.671571673468804%2C%2025.276197373593863&#038;t=m&#038;z=18&#038;output=embed&#038;iwloc=near\"\n\t\t\t\t\ttitle=\"54.671571673468804, 25.276197373593863\"\n\t\t\t\t\taria-label=\"54.671571673468804, 25.276197373593863\"\n\t\t\t><\/iframe>\n\t\t<\/div>\n\t\t\t\t\t\t<\/div>\n\t\t\t\t<\/div>\n\t\t\t\t\t<\/div>\n\t\t<\/div>\n\t\t\t\t\t<\/div>\n\t\t<\/section>\n\t\t\t\t<\/div>\n\t\t","protected":false},"excerpt":{"rendered":"<p>Skaitmenini\u0173 sprendim\u0173 grup\u0117&nbsp; Adresas:&nbsp;Mindaugo g. 42, LT-03210 Vilnius \u012emon\u0117s kodas:&nbsp;303163429 PVM mok\u0117tojo kodas :&nbsp;LT100008896811 Telefonas:&nbsp;+37062775772 el.pa\u0161tas :&nbsp;info@ssgrupe.lt Atsiskaitomoji s\u0105skaita: LT883500010010125443&nbsp; &nbsp; &nbsp;\u201d Paysera LT \u201d UAB&nbsp;&nbsp; EVP6910010125443 Paysera vidin\u0117 s\u0105skaita<\/p>\n","protected":false},"author":1,"featured_media":0,"parent":0,"menu_order":0,"comment_status":"closed","ping_status":"closed","template":"","meta":{"footnotes":""},"class_list":["post-92","page","type-page","status-publish","hentry"],"aioseo_notices":[],"yoast_head":"<!-- This site is optimized with the Yoast SEO plugin v27.5 - https:\/\/yoast.com\/product\/yoast-seo-wordpress\/ -->\n<title>Kontaktai - Kelio u\u017etvaras | \u0160lagbaumas | Automatika<\/title>\n<meta name=\"robots\" content=\"index, follow, max-snippet:-1, max-image-preview:large, max-video-preview:-1\" \/>\n<link rel=\"canonical\" href=\"https:\/\/slagbaumas.lt\/index.php\/elementor-92\/\" \/>\n<meta property=\"og:locale\" content=\"lt_LT\" \/>\n<meta property=\"og:type\" content=\"article\" \/>\n<meta property=\"og:title\" content=\"Kontaktai - Kelio u\u017etvaras | \u0160lagbaumas | Automatika\" \/>\n<meta property=\"og:description\" content=\"Skaitmenini\u0173 sprendim\u0173 grup\u0117&nbsp; Adresas:&nbsp;Mindaugo g. 42, LT-03210 Vilnius \u012emon\u0117s kodas:&nbsp;303163429 PVM mok\u0117tojo kodas :&nbsp;LT100008896811 Telefonas:&nbsp;+37062775772 el.pa\u0161tas :&nbsp;info@ssgrupe.lt Atsiskaitomoji s\u0105skaita: LT883500010010125443&nbsp; &nbsp; &nbsp;\u201d Paysera LT \u201d UAB&nbsp;&nbsp; EVP6910010125443 Paysera vidin\u0117 s\u0105skaita\" \/>\n<meta property=\"og:url\" content=\"https:\/\/slagbaumas.lt\/index.php\/elementor-92\/\" \/>\n<meta property=\"og:site_name\" content=\"Kelio u\u017etvaras | \u0160lagbaumas | Automatika\" \/>\n<meta property=\"article:publisher\" content=\"https:\/\/www.facebook.com\/ssgrupe.lt\" \/>\n<meta property=\"article:modified_time\" content=\"2020-12-09T22:40:38+00:00\" \/>\n<meta name=\"twitter:card\" content=\"summary_large_image\" \/>\n<script type=\"application\/ld+json\" class=\"yoast-schema-graph\">{\"@context\":\"https:\\\/\\\/schema.org\",\"@graph\":[{\"@type\":\"WebPage\",\"@id\":\"https:\\\/\\\/slagbaumas.lt\\\/index.php\\\/elementor-92\\\/\",\"url\":\"https:\\\/\\\/slagbaumas.lt\\\/index.php\\\/elementor-92\\\/\",\"name\":\"Kontaktai - Kelio u\u017etvaras | \u0160lagbaumas | Automatika\",\"isPartOf\":{\"@id\":\"https:\\\/\\\/slagbaumas.lt\\\/#website\"},\"datePublished\":\"2020-12-09T21:55:36+00:00\",\"dateModified\":\"2020-12-09T22:40:38+00:00\",\"breadcrumb\":{\"@id\":\"https:\\\/\\\/slagbaumas.lt\\\/index.php\\\/elementor-92\\\/#breadcrumb\"},\"inLanguage\":\"lt-LT\",\"potentialAction\":[{\"@type\":\"ReadAction\",\"target\":[\"https:\\\/\\\/slagbaumas.lt\\\/index.php\\\/elementor-92\\\/\"]}]},{\"@type\":\"BreadcrumbList\",\"@id\":\"https:\\\/\\\/slagbaumas.lt\\\/index.php\\\/elementor-92\\\/#breadcrumb\",\"itemListElement\":[{\"@type\":\"ListItem\",\"position\":1,\"name\":\"Home\",\"item\":\"https:\\\/\\\/slagbaumas.lt\\\/\"},{\"@type\":\"ListItem\",\"position\":2,\"name\":\"Kontaktai\"}]},{\"@type\":\"WebSite\",\"@id\":\"https:\\\/\\\/slagbaumas.lt\\\/#website\",\"url\":\"https:\\\/\\\/slagbaumas.lt\\\/\",\"name\":\"Kelio u\u017etvaras \\\/ \u0160lagbaumas \\\/ U\u017ekardas\",\"description\":\"Kelio u\u017etvaras | \u0160lagbaumas | Automatika\",\"publisher\":{\"@id\":\"https:\\\/\\\/slagbaumas.lt\\\/#organization\"},\"potentialAction\":[{\"@type\":\"SearchAction\",\"target\":{\"@type\":\"EntryPoint\",\"urlTemplate\":\"https:\\\/\\\/slagbaumas.lt\\\/?s={search_term_string}\"},\"query-input\":{\"@type\":\"PropertyValueSpecification\",\"valueRequired\":true,\"valueName\":\"search_term_string\"}}],\"inLanguage\":\"lt-LT\"},{\"@type\":\"Organization\",\"@id\":\"https:\\\/\\\/slagbaumas.lt\\\/#organization\",\"name\":\"\u0160lagbaumas | Kelio u\u017etvaras | Automatika\",\"url\":\"https:\\\/\\\/slagbaumas.lt\\\/\",\"logo\":{\"@type\":\"ImageObject\",\"inLanguage\":\"lt-LT\",\"@id\":\"https:\\\/\\\/slagbaumas.lt\\\/#\\\/schema\\\/logo\\\/image\\\/\",\"url\":\"https:\\\/\\\/slagbaumas.lt\\\/wp-content\\\/uploads\\\/2020\\\/12\\\/cropped-paradox_ssg-Max-Quality-removebg-preview.png\",\"contentUrl\":\"https:\\\/\\\/slagbaumas.lt\\\/wp-content\\\/uploads\\\/2020\\\/12\\\/cropped-paradox_ssg-Max-Quality-removebg-preview.png\",\"width\":250,\"height\":70,\"caption\":\"\u0160lagbaumas | Kelio u\u017etvaras | Automatika\"},\"image\":{\"@id\":\"https:\\\/\\\/slagbaumas.lt\\\/#\\\/schema\\\/logo\\\/image\\\/\"},\"sameAs\":[\"https:\\\/\\\/www.facebook.com\\\/ssgrupe.lt\",\"https:\\\/\\\/www.instagram.com\\\/ssgrupe\\\/\",\"https:\\\/\\\/www.youtube.com\\\/channel\\\/UCzujJEuABgV1qAFfrF41w8g\"]}]}<\/script>\n<!-- \/ Yoast SEO plugin. -->","yoast_head_json":{"title":"Kontaktai - Kelio u\u017etvaras | \u0160lagbaumas | Automatika","robots":{"index":"index","follow":"follow","max-snippet":"max-snippet:-1","max-image-preview":"max-image-preview:large","max-video-preview":"max-video-preview:-1"},"canonical":"https:\/\/slagbaumas.lt\/index.php\/elementor-92\/","og_locale":"lt_LT","og_type":"article","og_title":"Kontaktai - Kelio u\u017etvaras | \u0160lagbaumas | Automatika","og_description":"Skaitmenini\u0173 sprendim\u0173 grup\u0117&nbsp; Adresas:&nbsp;Mindaugo g. 42, LT-03210 Vilnius \u012emon\u0117s kodas:&nbsp;303163429 PVM mok\u0117tojo kodas :&nbsp;LT100008896811 Telefonas:&nbsp;+37062775772 el.pa\u0161tas :&nbsp;info@ssgrupe.lt Atsiskaitomoji s\u0105skaita: LT883500010010125443&nbsp; &nbsp; &nbsp;\u201d Paysera LT \u201d UAB&nbsp;&nbsp; EVP6910010125443 Paysera vidin\u0117 s\u0105skaita","og_url":"https:\/\/slagbaumas.lt\/index.php\/elementor-92\/","og_site_name":"Kelio u\u017etvaras | \u0160lagbaumas | Automatika","article_publisher":"https:\/\/www.facebook.com\/ssgrupe.lt","article_modified_time":"2020-12-09T22:40:38+00:00","twitter_card":"summary_large_image","schema":{"@context":"https:\/\/schema.org","@graph":[{"@type":"WebPage","@id":"https:\/\/slagbaumas.lt\/index.php\/elementor-92\/","url":"https:\/\/slagbaumas.lt\/index.php\/elementor-92\/","name":"Kontaktai - Kelio u\u017etvaras | \u0160lagbaumas | Automatika","isPartOf":{"@id":"https:\/\/slagbaumas.lt\/#website"},"datePublished":"2020-12-09T21:55:36+00:00","dateModified":"2020-12-09T22:40:38+00:00","breadcrumb":{"@id":"https:\/\/slagbaumas.lt\/index.php\/elementor-92\/#breadcrumb"},"inLanguage":"lt-LT","potentialAction":[{"@type":"ReadAction","target":["https:\/\/slagbaumas.lt\/index.php\/elementor-92\/"]}]},{"@type":"BreadcrumbList","@id":"https:\/\/slagbaumas.lt\/index.php\/elementor-92\/#breadcrumb","itemListElement":[{"@type":"ListItem","position":1,"name":"Home","item":"https:\/\/slagbaumas.lt\/"},{"@type":"ListItem","position":2,"name":"Kontaktai"}]},{"@type":"WebSite","@id":"https:\/\/slagbaumas.lt\/#website","url":"https:\/\/slagbaumas.lt\/","name":"Kelio u\u017etvaras \/ \u0160lagbaumas \/ U\u017ekardas","description":"Kelio u\u017etvaras | \u0160lagbaumas | Automatika","publisher":{"@id":"https:\/\/slagbaumas.lt\/#organization"},"potentialAction":[{"@type":"SearchAction","target":{"@type":"EntryPoint","urlTemplate":"https:\/\/slagbaumas.lt\/?s={search_term_string}"},"query-input":{"@type":"PropertyValueSpecification","valueRequired":true,"valueName":"search_term_string"}}],"inLanguage":"lt-LT"},{"@type":"Organization","@id":"https:\/\/slagbaumas.lt\/#organization","name":"\u0160lagbaumas | Kelio u\u017etvaras | Automatika","url":"https:\/\/slagbaumas.lt\/","logo":{"@type":"ImageObject","inLanguage":"lt-LT","@id":"https:\/\/slagbaumas.lt\/#\/schema\/logo\/image\/","url":"https:\/\/slagbaumas.lt\/wp-content\/uploads\/2020\/12\/cropped-paradox_ssg-Max-Quality-removebg-preview.png","contentUrl":"https:\/\/slagbaumas.lt\/wp-content\/uploads\/2020\/12\/cropped-paradox_ssg-Max-Quality-removebg-preview.png","width":250,"height":70,"caption":"\u0160lagbaumas | Kelio u\u017etvaras | Automatika"},"image":{"@id":"https:\/\/slagbaumas.lt\/#\/schema\/logo\/image\/"},"sameAs":["https:\/\/www.facebook.com\/ssgrupe.lt","https:\/\/www.instagram.com\/ssgrupe\/","https:\/\/www.youtube.com\/channel\/UCzujJEuABgV1qAFfrF41w8g"]}]}},"jetpack_sharing_enabled":true,"_links":{"self":[{"href":"https:\/\/slagbaumas.lt\/index.php\/wp-json\/wp\/v2\/pages\/92","targetHints":{"allow":["GET"]}}],"collection":[{"href":"https:\/\/slagbaumas.lt\/index.php\/wp-json\/wp\/v2\/pages"}],"about":[{"href":"https:\/\/slagbaumas.lt\/index.php\/wp-json\/wp\/v2\/types\/page"}],"author":[{"embeddable":true,"href":"https:\/\/slagbaumas.lt\/index.php\/wp-json\/wp\/v2\/users\/1"}],"replies":[{"embeddable":true,"href":"https:\/\/slagbaumas.lt\/index.php\/wp-json\/wp\/v2\/comments?post=92"}],"version-history":[{"count":8,"href":"https:\/\/slagbaumas.lt\/index.php\/wp-json\/wp\/v2\/pages\/92\/revisions"}],"predecessor-version":[{"id":102,"href":"https:\/\/slagbaumas.lt\/index.php\/wp-json\/wp\/v2\/pages\/92\/revisions\/102"}],"wp:attachment":[{"href":"https:\/\/slagbaumas.lt\/index.php\/wp-json\/wp\/v2\/media?parent=92"}],"curies":[{"name":"wp","href":"https:\/\/api.w.org\/{rel}","templated":true}]}}