{"id":422,"date":"2020-12-11T12:52:22","date_gmt":"2020-12-11T12:52:22","guid":{"rendered":"https:\/\/slagbaumas.lt\/index.php\/wishlist\/"},"modified":"2020-12-11T12:52:22","modified_gmt":"2020-12-11T12:52:22","slug":"wishlist","status":"publish","type":"page","link":"https:\/\/slagbaumas.lt\/index.php\/wishlist\/","title":{"rendered":"Wishlist"},"content":{"rendered":"\n\n\n\n<form\n\tid=\"yith-wcwl-form\"\n\taction=\"https:\/\/slagbaumas.lt\/index.php\/wishlist\/\"\n\tmethod=\"post\"\n\tclass=\"woocommerce yith-wcwl-form wishlist-fragment\"\n\tdata-fragment-options=\"{&quot;per_page&quot;:5,&quot;current_page&quot;:1,&quot;pagination&quot;:&quot;no&quot;,&quot;wishlist_id&quot;:false,&quot;action_params&quot;:false,&quot;no_interactions&quot;:false,&quot;layout&quot;:&quot;&quot;,&quot;wishlist&quot;:false,&quot;is_default&quot;:true,&quot;is_custom_list&quot;:false,&quot;wishlist_token&quot;:&quot;&quot;,&quot;is_private&quot;:false,&quot;count&quot;:0,&quot;page_title&quot;:&quot;My wishlist&quot;,&quot;default_wishlsit_title&quot;:&quot;My wishlist&quot;,&quot;page_links&quot;:false,&quot;is_user_logged_in&quot;:false,&quot;is_user_owner&quot;:true,&quot;can_user_edit_title&quot;:false,&quot;show_price&quot;:false,&quot;show_dateadded&quot;:false,&quot;show_stock_status&quot;:false,&quot;show_add_to_cart&quot;:false,&quot;show_remove_product&quot;:true,&quot;add_to_cart_text&quot;:&quot;Add to cart&quot;,&quot;show_ask_estimate_button&quot;:false,&quot;ask_estimate_url&quot;:&quot;&quot;,&quot;price_excl_tax&quot;:true,&quot;show_cb&quot;:false,&quot;show_quantity&quot;:false,&quot;show_variation&quot;:false,&quot;show_price_variations&quot;:false,&quot;show_update&quot;:false,&quot;enable_drag_n_drop&quot;:false,&quot;enable_add_all_to_cart&quot;:false,&quot;move_to_another_wishlist&quot;:false,&quot;repeat_remove_button&quot;:false,&quot;show_last_column&quot;:false,&quot;heading_icon&quot;:&quot;&lt;i class=\\&quot;fa heart-outline\\&quot;&gt;&lt;\\\/i&gt;&quot;,&quot;share_enabled&quot;:false,&quot;template_part&quot;:&quot;view&quot;,&quot;additional_info&quot;:false,&quot;available_multi_wishlist&quot;:false,&quot;form_action&quot;:&quot;https:\\\/\\\/slagbaumas.lt\\\/index.php\\\/wishlist\\\/&quot;,&quot;item&quot;:&quot;wishlist&quot;}\"\n>\n\n\t<!-- TITLE -->\n\t\t\t<div class=\"wishlist-title-container\">\n\t\t\t<div class=\"wishlist-title \">\n\t\t\t\t<h2>My wishlist<\/h2>\t\t\t\t\t\t\t<\/div>\n\t\t\t\t\t<\/div>\n\t\n\n<!-- WISHLIST TABLE -->\n<table\n\tclass=\"shop_table cart wishlist_table wishlist_view traditional responsive   \"\n\tdata-pagination=\"no\" data-per-page=\"5\" data-page=\"1\"\n\tdata-id=\"\" data-token=\"\">\n\n\t\n\t<thead>\n\t<tr>\n\t\t\n\t\t\t\t\t\t\t\t<th class=\"product-remove\">\n\t\t\t\t<span class=\"nobr\">\n\t\t\t\t\t\t\t\t\t<\/span>\n\t\t\t<\/th>\n\t\t\n\t\t<th class=\"product-thumbnail\"><\/th>\n\n\t\t<th class=\"product-name\">\n\t\t\t<span class=\"nobr\">\n\t\t\t\tProduct name\t\t\t<\/span>\n\t\t<\/th>\n\n\t\t\n\t\t\n\t\t\n\t\t\n\t\t\t<\/tr>\n\t<\/thead>\n\n\t<tbody class=\"wishlist-items-wrapper\">\n\t\t\t<tr>\n\t\t\t\t\t\t<td colspan=\"3\" class=\"wishlist-empty\">No products added to the wishlist<\/td>\n\t\t<\/tr>\n\t\t\t<\/tbody>\n\n<\/table>\n\n<div class=\"yith_wcwl_wishlist_footer\">\n\t\n\n\t\n\n\t\n\t<\/div>\n\n<input type=\"hidden\" id=\"yith_wcwl_edit_wishlist\" name=\"yith_wcwl_edit_wishlist\" value=\"f780325f01\" \/><input type=\"hidden\" name=\"_wp_http_referer\" value=\"\/index.php\/wp-json\/wp\/v2\/pages\/422\" \/><input type=\"hidden\" value=\"\" name=\"wishlist_id\" id=\"wishlist_id\">\n\n\n<\/form>\n\n\n\n\n","protected":false},"excerpt":{"rendered":"","protected":false},"author":1,"featured_media":0,"parent":0,"menu_order":0,"comment_status":"closed","ping_status":"closed","template":"","meta":{"footnotes":""},"class_list":["post-422","page","type-page","status-publish","hentry"],"aioseo_notices":[],"yoast_head":"<!-- This site is optimized with the Yoast SEO plugin v27.5 - https:\/\/yoast.com\/product\/yoast-seo-wordpress\/ -->\n<title>Wishlist - Kelio u\u017etvaras | \u0160lagbaumas | Automatika<\/title>\n<meta name=\"robots\" content=\"index, follow, max-snippet:-1, max-image-preview:large, max-video-preview:-1\" \/>\n<link rel=\"canonical\" href=\"https:\/\/slagbaumas.lt\/index.php\/wishlist\/\" \/>\n<meta property=\"og:locale\" content=\"lt_LT\" \/>\n<meta property=\"og:type\" content=\"article\" \/>\n<meta property=\"og:title\" content=\"Wishlist - Kelio u\u017etvaras | \u0160lagbaumas | Automatika\" \/>\n<meta property=\"og:url\" content=\"https:\/\/slagbaumas.lt\/index.php\/wishlist\/\" \/>\n<meta property=\"og:site_name\" content=\"Kelio u\u017etvaras | \u0160lagbaumas | Automatika\" \/>\n<meta property=\"article:publisher\" content=\"https:\/\/www.facebook.com\/ssgrupe.lt\" \/>\n<meta name=\"twitter:card\" content=\"summary_large_image\" \/>\n<script type=\"application\/ld+json\" class=\"yoast-schema-graph\">{\"@context\":\"https:\\\/\\\/schema.org\",\"@graph\":[{\"@type\":\"WebPage\",\"@id\":\"https:\\\/\\\/slagbaumas.lt\\\/index.php\\\/wishlist\\\/\",\"url\":\"https:\\\/\\\/slagbaumas.lt\\\/index.php\\\/wishlist\\\/\",\"name\":\"Wishlist - Kelio u\u017etvaras | \u0160lagbaumas | Automatika\",\"isPartOf\":{\"@id\":\"https:\\\/\\\/slagbaumas.lt\\\/#website\"},\"datePublished\":\"2020-12-11T12:52:22+00:00\",\"breadcrumb\":{\"@id\":\"https:\\\/\\\/slagbaumas.lt\\\/index.php\\\/wishlist\\\/#breadcrumb\"},\"inLanguage\":\"lt-LT\",\"potentialAction\":[{\"@type\":\"ReadAction\",\"target\":[\"https:\\\/\\\/slagbaumas.lt\\\/index.php\\\/wishlist\\\/\"]}]},{\"@type\":\"BreadcrumbList\",\"@id\":\"https:\\\/\\\/slagbaumas.lt\\\/index.php\\\/wishlist\\\/#breadcrumb\",\"itemListElement\":[{\"@type\":\"ListItem\",\"position\":1,\"name\":\"Home\",\"item\":\"https:\\\/\\\/slagbaumas.lt\\\/\"},{\"@type\":\"ListItem\",\"position\":2,\"name\":\"Wishlist\"}]},{\"@type\":\"WebSite\",\"@id\":\"https:\\\/\\\/slagbaumas.lt\\\/#website\",\"url\":\"https:\\\/\\\/slagbaumas.lt\\\/\",\"name\":\"Kelio u\u017etvaras \\\/ \u0160lagbaumas \\\/ U\u017ekardas\",\"description\":\"Kelio u\u017etvaras | \u0160lagbaumas | Automatika\",\"publisher\":{\"@id\":\"https:\\\/\\\/slagbaumas.lt\\\/#organization\"},\"potentialAction\":[{\"@type\":\"SearchAction\",\"target\":{\"@type\":\"EntryPoint\",\"urlTemplate\":\"https:\\\/\\\/slagbaumas.lt\\\/?s={search_term_string}\"},\"query-input\":{\"@type\":\"PropertyValueSpecification\",\"valueRequired\":true,\"valueName\":\"search_term_string\"}}],\"inLanguage\":\"lt-LT\"},{\"@type\":\"Organization\",\"@id\":\"https:\\\/\\\/slagbaumas.lt\\\/#organization\",\"name\":\"\u0160lagbaumas | Kelio u\u017etvaras | Automatika\",\"url\":\"https:\\\/\\\/slagbaumas.lt\\\/\",\"logo\":{\"@type\":\"ImageObject\",\"inLanguage\":\"lt-LT\",\"@id\":\"https:\\\/\\\/slagbaumas.lt\\\/#\\\/schema\\\/logo\\\/image\\\/\",\"url\":\"https:\\\/\\\/slagbaumas.lt\\\/wp-content\\\/uploads\\\/2020\\\/12\\\/cropped-paradox_ssg-Max-Quality-removebg-preview.png\",\"contentUrl\":\"https:\\\/\\\/slagbaumas.lt\\\/wp-content\\\/uploads\\\/2020\\\/12\\\/cropped-paradox_ssg-Max-Quality-removebg-preview.png\",\"width\":250,\"height\":70,\"caption\":\"\u0160lagbaumas | Kelio u\u017etvaras | Automatika\"},\"image\":{\"@id\":\"https:\\\/\\\/slagbaumas.lt\\\/#\\\/schema\\\/logo\\\/image\\\/\"},\"sameAs\":[\"https:\\\/\\\/www.facebook.com\\\/ssgrupe.lt\",\"https:\\\/\\\/www.instagram.com\\\/ssgrupe\\\/\",\"https:\\\/\\\/www.youtube.com\\\/channel\\\/UCzujJEuABgV1qAFfrF41w8g\"]}]}<\/script>\n<!-- \/ Yoast SEO plugin. -->","yoast_head_json":{"title":"Wishlist - Kelio u\u017etvaras | \u0160lagbaumas | Automatika","robots":{"index":"index","follow":"follow","max-snippet":"max-snippet:-1","max-image-preview":"max-image-preview:large","max-video-preview":"max-video-preview:-1"},"canonical":"https:\/\/slagbaumas.lt\/index.php\/wishlist\/","og_locale":"lt_LT","og_type":"article","og_title":"Wishlist - Kelio u\u017etvaras | \u0160lagbaumas | Automatika","og_url":"https:\/\/slagbaumas.lt\/index.php\/wishlist\/","og_site_name":"Kelio u\u017etvaras | \u0160lagbaumas | Automatika","article_publisher":"https:\/\/www.facebook.com\/ssgrupe.lt","twitter_card":"summary_large_image","schema":{"@context":"https:\/\/schema.org","@graph":[{"@type":"WebPage","@id":"https:\/\/slagbaumas.lt\/index.php\/wishlist\/","url":"https:\/\/slagbaumas.lt\/index.php\/wishlist\/","name":"Wishlist - Kelio u\u017etvaras | \u0160lagbaumas | Automatika","isPartOf":{"@id":"https:\/\/slagbaumas.lt\/#website"},"datePublished":"2020-12-11T12:52:22+00:00","breadcrumb":{"@id":"https:\/\/slagbaumas.lt\/index.php\/wishlist\/#breadcrumb"},"inLanguage":"lt-LT","potentialAction":[{"@type":"ReadAction","target":["https:\/\/slagbaumas.lt\/index.php\/wishlist\/"]}]},{"@type":"BreadcrumbList","@id":"https:\/\/slagbaumas.lt\/index.php\/wishlist\/#breadcrumb","itemListElement":[{"@type":"ListItem","position":1,"name":"Home","item":"https:\/\/slagbaumas.lt\/"},{"@type":"ListItem","position":2,"name":"Wishlist"}]},{"@type":"WebSite","@id":"https:\/\/slagbaumas.lt\/#website","url":"https:\/\/slagbaumas.lt\/","name":"Kelio u\u017etvaras \/ \u0160lagbaumas \/ U\u017ekardas","description":"Kelio u\u017etvaras | \u0160lagbaumas | Automatika","publisher":{"@id":"https:\/\/slagbaumas.lt\/#organization"},"potentialAction":[{"@type":"SearchAction","target":{"@type":"EntryPoint","urlTemplate":"https:\/\/slagbaumas.lt\/?s={search_term_string}"},"query-input":{"@type":"PropertyValueSpecification","valueRequired":true,"valueName":"search_term_string"}}],"inLanguage":"lt-LT"},{"@type":"Organization","@id":"https:\/\/slagbaumas.lt\/#organization","name":"\u0160lagbaumas | Kelio u\u017etvaras | Automatika","url":"https:\/\/slagbaumas.lt\/","logo":{"@type":"ImageObject","inLanguage":"lt-LT","@id":"https:\/\/slagbaumas.lt\/#\/schema\/logo\/image\/","url":"https:\/\/slagbaumas.lt\/wp-content\/uploads\/2020\/12\/cropped-paradox_ssg-Max-Quality-removebg-preview.png","contentUrl":"https:\/\/slagbaumas.lt\/wp-content\/uploads\/2020\/12\/cropped-paradox_ssg-Max-Quality-removebg-preview.png","width":250,"height":70,"caption":"\u0160lagbaumas | Kelio u\u017etvaras | Automatika"},"image":{"@id":"https:\/\/slagbaumas.lt\/#\/schema\/logo\/image\/"},"sameAs":["https:\/\/www.facebook.com\/ssgrupe.lt","https:\/\/www.instagram.com\/ssgrupe\/","https:\/\/www.youtube.com\/channel\/UCzujJEuABgV1qAFfrF41w8g"]}]}},"jetpack_sharing_enabled":true,"_links":{"self":[{"href":"https:\/\/slagbaumas.lt\/index.php\/wp-json\/wp\/v2\/pages\/422","targetHints":{"allow":["GET"]}}],"collection":[{"href":"https:\/\/slagbaumas.lt\/index.php\/wp-json\/wp\/v2\/pages"}],"about":[{"href":"https:\/\/slagbaumas.lt\/index.php\/wp-json\/wp\/v2\/types\/page"}],"author":[{"embeddable":true,"href":"https:\/\/slagbaumas.lt\/index.php\/wp-json\/wp\/v2\/users\/1"}],"replies":[{"embeddable":true,"href":"https:\/\/slagbaumas.lt\/index.php\/wp-json\/wp\/v2\/comments?post=422"}],"version-history":[{"count":0,"href":"https:\/\/slagbaumas.lt\/index.php\/wp-json\/wp\/v2\/pages\/422\/revisions"}],"wp:attachment":[{"href":"https:\/\/slagbaumas.lt\/index.php\/wp-json\/wp\/v2\/media?parent=422"}],"curies":[{"name":"wp","href":"https:\/\/api.w.org\/{rel}","templated":true}]}}