{"id":354,"date":"2020-12-10T13:18:44","date_gmt":"2020-12-10T13:18:44","guid":{"rendered":"http:\/\/slagbaumas.lt\/?page_id=354"},"modified":"2020-12-10T13:46:04","modified_gmt":"2020-12-10T13:46:04","slug":"transporto-priemoniu-ivaziavimo-isvaziavimo-apskaitos-valdymo-sistema-su-uhf-korteliu-pagalba","status":"publish","type":"page","link":"https:\/\/slagbaumas.lt\/index.php\/transporto-priemoniu-ivaziavimo-isvaziavimo-apskaitos-valdymo-sistema-su-uhf-korteliu-pagalba\/","title":{"rendered":"Transporto priemoni\u0173 \u012fva\u017eiavimo \/ i\u0161va\u017eiavimo apskaitos valdymo sistema su UHF korteli\u0173 pagalba"},"content":{"rendered":"\t\t<div data-elementor-type=\"wp-page\" data-elementor-id=\"354\" class=\"elementor elementor-354\" data-elementor-post-type=\"page\">\n\t\t\t\t\t\t<section class=\"elementor-section elementor-top-section elementor-element elementor-element-99faf6c elementor-section-boxed elementor-section-height-default elementor-section-height-default\" data-id=\"99faf6c\" data-element_type=\"section\" data-e-type=\"section\">\n\t\t\t\t\t\t<div class=\"elementor-container elementor-column-gap-default\">\n\t\t\t\t\t<div class=\"elementor-column elementor-col-100 elementor-top-column elementor-element elementor-element-b27a072\" data-id=\"b27a072\" data-element_type=\"column\" data-e-type=\"column\">\n\t\t\t<div class=\"elementor-widget-wrap elementor-element-populated\">\n\t\t\t\t\t\t<div class=\"elementor-element elementor-element-d3ae9bf elementor-widget elementor-widget-text-editor\" data-id=\"d3ae9bf\" data-element_type=\"widget\" data-e-type=\"widget\" data-widget_type=\"text-editor.default\">\n\t\t\t\t<div class=\"elementor-widget-container\">\n\t\t\t\t\t\t\t\t\t<p>\u0160iai dienai did\u0117jant transporto priemoni\u0173 kiekiui, o laisvas parkavimosi plotas vis ma\u017e\u0117ja, neretai tenka apriboti patekim\u0105 \u012f parkavimosi viet\u0105. Tam tikslui naudojami kelio u\u017etvarai. Kelio u\u017etvarai gali b\u016bti skirtingi, priklausomai nuo j\u0173 technini\u0173 savybi\u0173 ( u\u017etvaro karties ilgis, atidarymo \/ u\u017edarymo laikas, suvartojama galia, spalva ir t.t )<\/p><p>Vienas i\u0161 pagrindini\u0173 aspektu renkantis kelio u\u017etvar\u0105 tur\u0117t\u0173 b\u016bti funkcionalumas, bei patogumas jo valdyme.<\/p><p>Aptarkime vien\u0105 i\u0161 J\u0173 : <strong>Pilnavertis aik\u0161tel\u0117s valdymas su ataskaitos funkcij\u0105 panaudojus UHF technologij\u0105.<\/strong><\/p>\t\t\t\t\t\t\t\t<\/div>\n\t\t\t\t<\/div>\n\t\t\t\t\t<\/div>\n\t\t<\/div>\n\t\t\t\t\t<\/div>\n\t\t<\/section>\n\t\t\t\t<section class=\"elementor-section elementor-top-section elementor-element elementor-element-56e835e elementor-section-boxed elementor-section-height-default elementor-section-height-default\" data-id=\"56e835e\" data-element_type=\"section\" data-e-type=\"section\">\n\t\t\t\t\t\t<div class=\"elementor-container elementor-column-gap-default\">\n\t\t\t\t\t<div class=\"elementor-column elementor-col-100 elementor-top-column elementor-element elementor-element-9cdeead\" data-id=\"9cdeead\" data-element_type=\"column\" data-e-type=\"column\">\n\t\t\t<div class=\"elementor-widget-wrap elementor-element-populated\">\n\t\t\t\t\t\t<div class=\"elementor-element elementor-element-390b57e elementor-widget elementor-widget-image\" data-id=\"390b57e\" data-element_type=\"widget\" data-e-type=\"widget\" data-widget_type=\"image.default\">\n\t\t\t\t<div class=\"elementor-widget-container\">\n\t\t\t\t\t\t\t\t\t\t\t\t\t\t\t<img fetchpriority=\"high\" decoding=\"async\" width=\"850\" height=\"638\" src=\"https:\/\/slagbaumas.lt\/wp-content\/uploads\/2020\/12\/glc300-High-Quality-3.jpg\" class=\"attachment-large size-large wp-image-59\" alt=\"\" srcset=\"https:\/\/slagbaumas.lt\/wp-content\/uploads\/2020\/12\/glc300-High-Quality-3.jpg 960w, https:\/\/slagbaumas.lt\/wp-content\/uploads\/2020\/12\/glc300-High-Quality-3-600x450.jpg 600w, https:\/\/slagbaumas.lt\/wp-content\/uploads\/2020\/12\/glc300-High-Quality-3-300x225.jpg 300w, https:\/\/slagbaumas.lt\/wp-content\/uploads\/2020\/12\/glc300-High-Quality-3-768x576.jpg 768w\" sizes=\"(max-width: 850px) 100vw, 850px\" \/>\t\t\t\t\t\t\t\t\t\t\t\t\t\t\t<\/div>\n\t\t\t\t<\/div>\n\t\t\t\t\t<\/div>\n\t\t<\/div>\n\t\t\t\t\t<\/div>\n\t\t<\/section>\n\t\t\t\t<section class=\"elementor-section elementor-top-section elementor-element elementor-element-b5e4111 elementor-section-boxed elementor-section-height-default elementor-section-height-default\" data-id=\"b5e4111\" data-element_type=\"section\" data-e-type=\"section\">\n\t\t\t\t\t\t<div class=\"elementor-container elementor-column-gap-default\">\n\t\t\t\t\t<div class=\"elementor-column elementor-col-100 elementor-top-column elementor-element elementor-element-52aff29\" data-id=\"52aff29\" data-element_type=\"column\" data-e-type=\"column\">\n\t\t\t<div class=\"elementor-widget-wrap elementor-element-populated\">\n\t\t\t\t\t\t<div class=\"elementor-element elementor-element-dcb3fe7 elementor-widget elementor-widget-text-editor\" data-id=\"dcb3fe7\" data-element_type=\"widget\" data-e-type=\"widget\" data-widget_type=\"text-editor.default\">\n\t\t\t\t<div class=\"elementor-widget-container\">\n\t\t\t\t\t\t\t\t\t<p><strong>Principas labai paprastas : <\/strong><\/p><p>Atva\u017eiavus prie u\u017etvaro sumontuotas UHF skaitytuvas nuskaito UHF \u017eym\u0117 esan\u010dia J\u016bs\u0173 automobilyje. Jei jos teis\u0117s leid\u017eia patekim\u0105 kelio u\u017etvaras kyla .<\/p>\t\t\t\t\t\t\t\t<\/div>\n\t\t\t\t<\/div>\n\t\t\t\t\t<\/div>\n\t\t<\/div>\n\t\t\t\t\t<\/div>\n\t\t<\/section>\n\t\t\t\t<section class=\"elementor-section elementor-top-section elementor-element elementor-element-cc4aa39 elementor-section-boxed elementor-section-height-default elementor-section-height-default\" data-id=\"cc4aa39\" data-element_type=\"section\" data-e-type=\"section\">\n\t\t\t\t\t\t<div class=\"elementor-container elementor-column-gap-default\">\n\t\t\t\t\t<div class=\"elementor-column elementor-col-100 elementor-top-column elementor-element elementor-element-607def2\" data-id=\"607def2\" data-element_type=\"column\" data-e-type=\"column\">\n\t\t\t<div class=\"elementor-widget-wrap elementor-element-populated\">\n\t\t\t\t\t\t<div class=\"elementor-element elementor-element-5c834be elementor-widget elementor-widget-video\" data-id=\"5c834be\" data-element_type=\"widget\" data-e-type=\"widget\" data-settings=\"{&quot;youtube_url&quot;:&quot;https:\\\/\\\/www.youtube.com\\\/watch?v=4nFYTGhcQUM&quot;,&quot;autoplay&quot;:&quot;yes&quot;,&quot;play_on_mobile&quot;:&quot;yes&quot;,&quot;video_type&quot;:&quot;youtube&quot;,&quot;controls&quot;:&quot;yes&quot;}\" data-widget_type=\"video.default\">\n\t\t\t\t<div class=\"elementor-widget-container\">\n\t\t\t\t\t\t\t<div class=\"elementor-wrapper elementor-open-inline\">\n\t\t\t<div class=\"elementor-video\"><\/div>\t\t<\/div>\n\t\t\t\t\t\t<\/div>\n\t\t\t\t<\/div>\n\t\t\t\t\t<\/div>\n\t\t<\/div>\n\t\t\t\t\t<\/div>\n\t\t<\/section>\n\t\t\t\t<section class=\"elementor-section elementor-top-section elementor-element elementor-element-82efb5c elementor-section-boxed elementor-section-height-default elementor-section-height-default\" data-id=\"82efb5c\" data-element_type=\"section\" data-e-type=\"section\">\n\t\t\t\t\t\t<div class=\"elementor-container elementor-column-gap-default\">\n\t\t\t\t\t<div class=\"elementor-column elementor-col-100 elementor-top-column elementor-element elementor-element-d9eddb5\" data-id=\"d9eddb5\" data-element_type=\"column\" data-e-type=\"column\">\n\t\t\t<div class=\"elementor-widget-wrap elementor-element-populated\">\n\t\t\t\t\t\t<div class=\"elementor-element elementor-element-5456a61 elementor-widget elementor-widget-text-editor\" data-id=\"5456a61\" data-element_type=\"widget\" data-e-type=\"widget\" data-widget_type=\"text-editor.default\">\n\t\t\t\t<div class=\"elementor-widget-container\">\n\t\t\t\t\t\t\t\t\t<p>Naudojant \u0161i\u0105 sistem\u0105 nereikia su savimi t\u016br\u0117ti mobilaus telefono, visada tur\u0117ti ataskait\u0105 kiek kartu buvo pakli\u016bta \u012f teritorij\u0105. Valdyti patekimo teises pagal tvarkara\u0161t\u012f , patekimo grupes , riboti aik\u0161tel\u0117s parkavimosi viet\u0173 kiek\u012f .<\/p><p>Nuotolini\u0173 b\u016bd\u0173 blokuoti vartotojus, nuotolini\u0173 b\u016bd\u0173 atidaryti u\u017etvar\u0105 arba laikyti j\u012f atidaryta .<\/p><p>Tokios sistemos administravimas ir valdymas labai paprastas. Administratorius dirba su esama pra\u0117jimo kontrol\u0117s sistema, arba su m\u016bs\u0173 pasi\u016blyta. Galima gauti pilnaverte ataskait\u0105<\/p><p>Sistema galima derinti su dvipuse kontrol\u0119 arba su vienpusi\u0173 nuskaitym\u0173, o i\u0161va\u017eiavimui naudoti indukcin\u0119 kilp\u0105.<\/p><p><strong>\u0160i sistema turi nema\u017eai plius\u0173 :<\/strong><\/p><p>Paprastas ir patogus valdymas ;<\/p><p>Nuotolinis atidarymas, net ne esant prie u\u017etvaro panaudojus APS ;<\/p><p>Paprastas administravimas ;<\/p><p>Ma\u017ea \u012frenginio ir \u012frengimo kaina palyginus su numeri\u0173 nuskaitymo sistema ;<\/p><p>Korteli\u0173 nuskaitymas nei\u0161lipant i\u0161 automobilio ;<\/p><p>Nuskaitymo atstumas iki 15 metr\u0173 ;<\/p><p><strong>Minusai :<\/strong><\/p><p>Negalima patekti transportas kurio n\u0117ra duombaz\u0117je ( klientai , spec. Tarnybas ir t.t ) ;<\/p><p>Jei Jums reikia pana\u0161aus sprendimo , <a href=\"https:\/\/slagbaumas.lt\/index.php\/elementor-92\/\">galite kreiptis nurodytais kontaktais<\/a> . Padarykite prava\u017eiavimo nuotrauk\u0105 i\u0161 abiej\u0173 pusiu , nurodykite koks transporto intensyvumas, bei kokios valdymo opcijos yra reikalingas. Ir mes parinksime tinkam\u0105 sprendim\u0105 J\u016bs\u0173 poreikiams.<\/p>\t\t\t\t\t\t\t\t<\/div>\n\t\t\t\t<\/div>\n\t\t\t\t\t<\/div>\n\t\t<\/div>\n\t\t\t\t\t<\/div>\n\t\t<\/section>\n\t\t\t\t<\/div>\n\t\t","protected":false},"excerpt":{"rendered":"<p>\u0160iai dienai did\u0117jant transporto priemoni\u0173 kiekiui, o laisvas parkavimosi plotas vis ma\u017e\u0117ja, neretai tenka apriboti patekim\u0105 \u012f parkavimosi viet\u0105. Tam tikslui naudojami kelio u\u017etvarai. Kelio u\u017etvarai gali b\u016bti skirtingi, priklausomai nuo j\u0173 technini\u0173 savybi\u0173 ( u\u017etvaro karties ilgis, atidarymo \/<\/p>\n","protected":false},"author":1,"featured_media":0,"parent":0,"menu_order":0,"comment_status":"closed","ping_status":"closed","template":"","meta":{"footnotes":""},"class_list":["post-354","page","type-page","status-publish","hentry"],"aioseo_notices":[],"yoast_head":"<!-- This site is optimized with the Yoast SEO plugin v27.5 - https:\/\/yoast.com\/product\/yoast-seo-wordpress\/ -->\n<title>Transporto priemoni\u0173 \u012fva\u017eiavimo \/ i\u0161va\u017eiavimo apskaitos valdymo sistema su UHF korteli\u0173 pagalba - Kelio u\u017etvaras | \u0160lagbaumas | Automatika<\/title>\n<meta name=\"robots\" content=\"index, follow, max-snippet:-1, max-image-preview:large, max-video-preview:-1\" \/>\n<link rel=\"canonical\" href=\"https:\/\/slagbaumas.lt\/index.php\/transporto-priemoniu-ivaziavimo-isvaziavimo-apskaitos-valdymo-sistema-su-uhf-korteliu-pagalba\/\" \/>\n<meta property=\"og:locale\" content=\"lt_LT\" \/>\n<meta property=\"og:type\" content=\"article\" \/>\n<meta property=\"og:title\" content=\"Transporto priemoni\u0173 \u012fva\u017eiavimo \/ i\u0161va\u017eiavimo apskaitos valdymo sistema su UHF korteli\u0173 pagalba - Kelio u\u017etvaras | \u0160lagbaumas | Automatika\" \/>\n<meta property=\"og:description\" content=\"\u0160iai dienai did\u0117jant transporto priemoni\u0173 kiekiui, o laisvas parkavimosi plotas vis ma\u017e\u0117ja, neretai tenka apriboti patekim\u0105 \u012f parkavimosi viet\u0105. Tam tikslui naudojami kelio u\u017etvarai. Kelio u\u017etvarai gali b\u016bti skirtingi, priklausomai nuo j\u0173 technini\u0173 savybi\u0173 ( u\u017etvaro karties ilgis, atidarymo \/\" \/>\n<meta property=\"og:url\" content=\"https:\/\/slagbaumas.lt\/index.php\/transporto-priemoniu-ivaziavimo-isvaziavimo-apskaitos-valdymo-sistema-su-uhf-korteliu-pagalba\/\" \/>\n<meta property=\"og:site_name\" content=\"Kelio u\u017etvaras | \u0160lagbaumas | Automatika\" \/>\n<meta property=\"article:publisher\" content=\"https:\/\/www.facebook.com\/ssgrupe.lt\" \/>\n<meta property=\"article:modified_time\" content=\"2020-12-10T13:46:04+00:00\" \/>\n<meta property=\"og:image\" content=\"http:\/\/slagbaumas.lt\/wp-content\/uploads\/2020\/12\/glc300-High-Quality-3.jpg\" \/>\n<meta name=\"twitter:card\" content=\"summary_large_image\" \/>\n<meta name=\"twitter:label1\" content=\"Est. reading time\" \/>\n\t<meta name=\"twitter:data1\" content=\"2 minut\u0117s\" \/>\n<script type=\"application\/ld+json\" class=\"yoast-schema-graph\">{\"@context\":\"https:\\\/\\\/schema.org\",\"@graph\":[{\"@type\":\"WebPage\",\"@id\":\"https:\\\/\\\/slagbaumas.lt\\\/index.php\\\/transporto-priemoniu-ivaziavimo-isvaziavimo-apskaitos-valdymo-sistema-su-uhf-korteliu-pagalba\\\/\",\"url\":\"https:\\\/\\\/slagbaumas.lt\\\/index.php\\\/transporto-priemoniu-ivaziavimo-isvaziavimo-apskaitos-valdymo-sistema-su-uhf-korteliu-pagalba\\\/\",\"name\":\"Transporto priemoni\u0173 \u012fva\u017eiavimo \\\/ i\u0161va\u017eiavimo apskaitos valdymo sistema su UHF korteli\u0173 pagalba - Kelio u\u017etvaras | \u0160lagbaumas | Automatika\",\"isPartOf\":{\"@id\":\"https:\\\/\\\/slagbaumas.lt\\\/#website\"},\"primaryImageOfPage\":{\"@id\":\"https:\\\/\\\/slagbaumas.lt\\\/index.php\\\/transporto-priemoniu-ivaziavimo-isvaziavimo-apskaitos-valdymo-sistema-su-uhf-korteliu-pagalba\\\/#primaryimage\"},\"image\":{\"@id\":\"https:\\\/\\\/slagbaumas.lt\\\/index.php\\\/transporto-priemoniu-ivaziavimo-isvaziavimo-apskaitos-valdymo-sistema-su-uhf-korteliu-pagalba\\\/#primaryimage\"},\"thumbnailUrl\":\"http:\\\/\\\/slagbaumas.lt\\\/wp-content\\\/uploads\\\/2020\\\/12\\\/glc300-High-Quality-3.jpg\",\"datePublished\":\"2020-12-10T13:18:44+00:00\",\"dateModified\":\"2020-12-10T13:46:04+00:00\",\"breadcrumb\":{\"@id\":\"https:\\\/\\\/slagbaumas.lt\\\/index.php\\\/transporto-priemoniu-ivaziavimo-isvaziavimo-apskaitos-valdymo-sistema-su-uhf-korteliu-pagalba\\\/#breadcrumb\"},\"inLanguage\":\"lt-LT\",\"potentialAction\":[{\"@type\":\"ReadAction\",\"target\":[\"https:\\\/\\\/slagbaumas.lt\\\/index.php\\\/transporto-priemoniu-ivaziavimo-isvaziavimo-apskaitos-valdymo-sistema-su-uhf-korteliu-pagalba\\\/\"]}]},{\"@type\":\"ImageObject\",\"inLanguage\":\"lt-LT\",\"@id\":\"https:\\\/\\\/slagbaumas.lt\\\/index.php\\\/transporto-priemoniu-ivaziavimo-isvaziavimo-apskaitos-valdymo-sistema-su-uhf-korteliu-pagalba\\\/#primaryimage\",\"url\":\"https:\\\/\\\/slagbaumas.lt\\\/wp-content\\\/uploads\\\/2020\\\/12\\\/glc300-High-Quality-3.jpg\",\"contentUrl\":\"https:\\\/\\\/slagbaumas.lt\\\/wp-content\\\/uploads\\\/2020\\\/12\\\/glc300-High-Quality-3.jpg\",\"width\":960,\"height\":720},{\"@type\":\"BreadcrumbList\",\"@id\":\"https:\\\/\\\/slagbaumas.lt\\\/index.php\\\/transporto-priemoniu-ivaziavimo-isvaziavimo-apskaitos-valdymo-sistema-su-uhf-korteliu-pagalba\\\/#breadcrumb\",\"itemListElement\":[{\"@type\":\"ListItem\",\"position\":1,\"name\":\"Home\",\"item\":\"https:\\\/\\\/slagbaumas.lt\\\/\"},{\"@type\":\"ListItem\",\"position\":2,\"name\":\"Transporto priemoni\u0173 \u012fva\u017eiavimo \\\/ i\u0161va\u017eiavimo apskaitos valdymo sistema su UHF korteli\u0173 pagalba\"}]},{\"@type\":\"WebSite\",\"@id\":\"https:\\\/\\\/slagbaumas.lt\\\/#website\",\"url\":\"https:\\\/\\\/slagbaumas.lt\\\/\",\"name\":\"Kelio u\u017etvaras \\\/ \u0160lagbaumas \\\/ U\u017ekardas\",\"description\":\"Kelio u\u017etvaras | \u0160lagbaumas | Automatika\",\"publisher\":{\"@id\":\"https:\\\/\\\/slagbaumas.lt\\\/#organization\"},\"potentialAction\":[{\"@type\":\"SearchAction\",\"target\":{\"@type\":\"EntryPoint\",\"urlTemplate\":\"https:\\\/\\\/slagbaumas.lt\\\/?s={search_term_string}\"},\"query-input\":{\"@type\":\"PropertyValueSpecification\",\"valueRequired\":true,\"valueName\":\"search_term_string\"}}],\"inLanguage\":\"lt-LT\"},{\"@type\":\"Organization\",\"@id\":\"https:\\\/\\\/slagbaumas.lt\\\/#organization\",\"name\":\"\u0160lagbaumas | Kelio u\u017etvaras | Automatika\",\"url\":\"https:\\\/\\\/slagbaumas.lt\\\/\",\"logo\":{\"@type\":\"ImageObject\",\"inLanguage\":\"lt-LT\",\"@id\":\"https:\\\/\\\/slagbaumas.lt\\\/#\\\/schema\\\/logo\\\/image\\\/\",\"url\":\"https:\\\/\\\/slagbaumas.lt\\\/wp-content\\\/uploads\\\/2020\\\/12\\\/cropped-paradox_ssg-Max-Quality-removebg-preview.png\",\"contentUrl\":\"https:\\\/\\\/slagbaumas.lt\\\/wp-content\\\/uploads\\\/2020\\\/12\\\/cropped-paradox_ssg-Max-Quality-removebg-preview.png\",\"width\":250,\"height\":70,\"caption\":\"\u0160lagbaumas | Kelio u\u017etvaras | Automatika\"},\"image\":{\"@id\":\"https:\\\/\\\/slagbaumas.lt\\\/#\\\/schema\\\/logo\\\/image\\\/\"},\"sameAs\":[\"https:\\\/\\\/www.facebook.com\\\/ssgrupe.lt\",\"https:\\\/\\\/www.instagram.com\\\/ssgrupe\\\/\",\"https:\\\/\\\/www.youtube.com\\\/channel\\\/UCzujJEuABgV1qAFfrF41w8g\"]}]}<\/script>\n<!-- \/ Yoast SEO plugin. -->","yoast_head_json":{"title":"Transporto priemoni\u0173 \u012fva\u017eiavimo \/ i\u0161va\u017eiavimo apskaitos valdymo sistema su UHF korteli\u0173 pagalba - Kelio u\u017etvaras | \u0160lagbaumas | Automatika","robots":{"index":"index","follow":"follow","max-snippet":"max-snippet:-1","max-image-preview":"max-image-preview:large","max-video-preview":"max-video-preview:-1"},"canonical":"https:\/\/slagbaumas.lt\/index.php\/transporto-priemoniu-ivaziavimo-isvaziavimo-apskaitos-valdymo-sistema-su-uhf-korteliu-pagalba\/","og_locale":"lt_LT","og_type":"article","og_title":"Transporto priemoni\u0173 \u012fva\u017eiavimo \/ i\u0161va\u017eiavimo apskaitos valdymo sistema su UHF korteli\u0173 pagalba - Kelio u\u017etvaras | \u0160lagbaumas | Automatika","og_description":"\u0160iai dienai did\u0117jant transporto priemoni\u0173 kiekiui, o laisvas parkavimosi plotas vis ma\u017e\u0117ja, neretai tenka apriboti patekim\u0105 \u012f parkavimosi viet\u0105. Tam tikslui naudojami kelio u\u017etvarai. Kelio u\u017etvarai gali b\u016bti skirtingi, priklausomai nuo j\u0173 technini\u0173 savybi\u0173 ( u\u017etvaro karties ilgis, atidarymo \/","og_url":"https:\/\/slagbaumas.lt\/index.php\/transporto-priemoniu-ivaziavimo-isvaziavimo-apskaitos-valdymo-sistema-su-uhf-korteliu-pagalba\/","og_site_name":"Kelio u\u017etvaras | \u0160lagbaumas | Automatika","article_publisher":"https:\/\/www.facebook.com\/ssgrupe.lt","article_modified_time":"2020-12-10T13:46:04+00:00","og_image":[{"url":"http:\/\/slagbaumas.lt\/wp-content\/uploads\/2020\/12\/glc300-High-Quality-3.jpg","type":"","width":"","height":""}],"twitter_card":"summary_large_image","twitter_misc":{"Est. reading time":"2 minut\u0117s"},"schema":{"@context":"https:\/\/schema.org","@graph":[{"@type":"WebPage","@id":"https:\/\/slagbaumas.lt\/index.php\/transporto-priemoniu-ivaziavimo-isvaziavimo-apskaitos-valdymo-sistema-su-uhf-korteliu-pagalba\/","url":"https:\/\/slagbaumas.lt\/index.php\/transporto-priemoniu-ivaziavimo-isvaziavimo-apskaitos-valdymo-sistema-su-uhf-korteliu-pagalba\/","name":"Transporto priemoni\u0173 \u012fva\u017eiavimo \/ i\u0161va\u017eiavimo apskaitos valdymo sistema su UHF korteli\u0173 pagalba - Kelio u\u017etvaras | \u0160lagbaumas | Automatika","isPartOf":{"@id":"https:\/\/slagbaumas.lt\/#website"},"primaryImageOfPage":{"@id":"https:\/\/slagbaumas.lt\/index.php\/transporto-priemoniu-ivaziavimo-isvaziavimo-apskaitos-valdymo-sistema-su-uhf-korteliu-pagalba\/#primaryimage"},"image":{"@id":"https:\/\/slagbaumas.lt\/index.php\/transporto-priemoniu-ivaziavimo-isvaziavimo-apskaitos-valdymo-sistema-su-uhf-korteliu-pagalba\/#primaryimage"},"thumbnailUrl":"http:\/\/slagbaumas.lt\/wp-content\/uploads\/2020\/12\/glc300-High-Quality-3.jpg","datePublished":"2020-12-10T13:18:44+00:00","dateModified":"2020-12-10T13:46:04+00:00","breadcrumb":{"@id":"https:\/\/slagbaumas.lt\/index.php\/transporto-priemoniu-ivaziavimo-isvaziavimo-apskaitos-valdymo-sistema-su-uhf-korteliu-pagalba\/#breadcrumb"},"inLanguage":"lt-LT","potentialAction":[{"@type":"ReadAction","target":["https:\/\/slagbaumas.lt\/index.php\/transporto-priemoniu-ivaziavimo-isvaziavimo-apskaitos-valdymo-sistema-su-uhf-korteliu-pagalba\/"]}]},{"@type":"ImageObject","inLanguage":"lt-LT","@id":"https:\/\/slagbaumas.lt\/index.php\/transporto-priemoniu-ivaziavimo-isvaziavimo-apskaitos-valdymo-sistema-su-uhf-korteliu-pagalba\/#primaryimage","url":"https:\/\/slagbaumas.lt\/wp-content\/uploads\/2020\/12\/glc300-High-Quality-3.jpg","contentUrl":"https:\/\/slagbaumas.lt\/wp-content\/uploads\/2020\/12\/glc300-High-Quality-3.jpg","width":960,"height":720},{"@type":"BreadcrumbList","@id":"https:\/\/slagbaumas.lt\/index.php\/transporto-priemoniu-ivaziavimo-isvaziavimo-apskaitos-valdymo-sistema-su-uhf-korteliu-pagalba\/#breadcrumb","itemListElement":[{"@type":"ListItem","position":1,"name":"Home","item":"https:\/\/slagbaumas.lt\/"},{"@type":"ListItem","position":2,"name":"Transporto priemoni\u0173 \u012fva\u017eiavimo \/ i\u0161va\u017eiavimo apskaitos valdymo sistema su UHF korteli\u0173 pagalba"}]},{"@type":"WebSite","@id":"https:\/\/slagbaumas.lt\/#website","url":"https:\/\/slagbaumas.lt\/","name":"Kelio u\u017etvaras \/ \u0160lagbaumas \/ U\u017ekardas","description":"Kelio u\u017etvaras | \u0160lagbaumas | Automatika","publisher":{"@id":"https:\/\/slagbaumas.lt\/#organization"},"potentialAction":[{"@type":"SearchAction","target":{"@type":"EntryPoint","urlTemplate":"https:\/\/slagbaumas.lt\/?s={search_term_string}"},"query-input":{"@type":"PropertyValueSpecification","valueRequired":true,"valueName":"search_term_string"}}],"inLanguage":"lt-LT"},{"@type":"Organization","@id":"https:\/\/slagbaumas.lt\/#organization","name":"\u0160lagbaumas | Kelio u\u017etvaras | Automatika","url":"https:\/\/slagbaumas.lt\/","logo":{"@type":"ImageObject","inLanguage":"lt-LT","@id":"https:\/\/slagbaumas.lt\/#\/schema\/logo\/image\/","url":"https:\/\/slagbaumas.lt\/wp-content\/uploads\/2020\/12\/cropped-paradox_ssg-Max-Quality-removebg-preview.png","contentUrl":"https:\/\/slagbaumas.lt\/wp-content\/uploads\/2020\/12\/cropped-paradox_ssg-Max-Quality-removebg-preview.png","width":250,"height":70,"caption":"\u0160lagbaumas | Kelio u\u017etvaras | Automatika"},"image":{"@id":"https:\/\/slagbaumas.lt\/#\/schema\/logo\/image\/"},"sameAs":["https:\/\/www.facebook.com\/ssgrupe.lt","https:\/\/www.instagram.com\/ssgrupe\/","https:\/\/www.youtube.com\/channel\/UCzujJEuABgV1qAFfrF41w8g"]}]}},"jetpack_sharing_enabled":true,"_links":{"self":[{"href":"https:\/\/slagbaumas.lt\/index.php\/wp-json\/wp\/v2\/pages\/354","targetHints":{"allow":["GET"]}}],"collection":[{"href":"https:\/\/slagbaumas.lt\/index.php\/wp-json\/wp\/v2\/pages"}],"about":[{"href":"https:\/\/slagbaumas.lt\/index.php\/wp-json\/wp\/v2\/types\/page"}],"author":[{"embeddable":true,"href":"https:\/\/slagbaumas.lt\/index.php\/wp-json\/wp\/v2\/users\/1"}],"replies":[{"embeddable":true,"href":"https:\/\/slagbaumas.lt\/index.php\/wp-json\/wp\/v2\/comments?post=354"}],"version-history":[{"count":18,"href":"https:\/\/slagbaumas.lt\/index.php\/wp-json\/wp\/v2\/pages\/354\/revisions"}],"predecessor-version":[{"id":374,"href":"https:\/\/slagbaumas.lt\/index.php\/wp-json\/wp\/v2\/pages\/354\/revisions\/374"}],"wp:attachment":[{"href":"https:\/\/slagbaumas.lt\/index.php\/wp-json\/wp\/v2\/media?parent=354"}],"curies":[{"name":"wp","href":"https:\/\/api.w.org\/{rel}","templated":true}]}}