{"id":20,"date":"2020-12-09T15:35:42","date_gmt":"2020-12-09T15:35:42","guid":{"rendered":"http:\/\/slagbaumas.lt\/index.php\/krepselis\/"},"modified":"2020-12-09T15:35:42","modified_gmt":"2020-12-09T15:35:42","slug":"krepselis","status":"publish","type":"page","link":"https:\/\/slagbaumas.lt\/index.php\/krepselis\/","title":{"rendered":"Krep\u0161elis"},"content":{"rendered":"\n","protected":false},"excerpt":{"rendered":"","protected":false},"author":1,"featured_media":0,"parent":0,"menu_order":0,"comment_status":"closed","ping_status":"closed","template":"","meta":{"footnotes":""},"class_list":["post-20","page","type-page","status-publish","hentry"],"aioseo_notices":[],"yoast_head":"<!-- This site is optimized with the Yoast SEO plugin v27.5 - https:\/\/yoast.com\/product\/yoast-seo-wordpress\/ -->\n<title>Krep\u0161elis - Kelio u\u017etvaras | \u0160lagbaumas | Automatika<\/title>\n<meta name=\"robots\" content=\"index, follow, max-snippet:-1, max-image-preview:large, max-video-preview:-1\" \/>\n<link rel=\"canonical\" href=\"https:\/\/slagbaumas.lt\/index.php\/krepselis\/\" \/>\n<meta property=\"og:locale\" content=\"lt_LT\" \/>\n<meta property=\"og:type\" content=\"article\" \/>\n<meta property=\"og:title\" content=\"Krep\u0161elis - Kelio u\u017etvaras | \u0160lagbaumas | Automatika\" \/>\n<meta property=\"og:url\" content=\"https:\/\/slagbaumas.lt\/index.php\/krepselis\/\" \/>\n<meta property=\"og:site_name\" content=\"Kelio u\u017etvaras | \u0160lagbaumas | Automatika\" \/>\n<meta property=\"article:publisher\" content=\"https:\/\/www.facebook.com\/ssgrupe.lt\" \/>\n<meta name=\"twitter:card\" content=\"summary_large_image\" \/>\n<script type=\"application\/ld+json\" class=\"yoast-schema-graph\">{\"@context\":\"https:\\\/\\\/schema.org\",\"@graph\":[{\"@type\":\"WebPage\",\"@id\":\"https:\\\/\\\/slagbaumas.lt\\\/index.php\\\/krepselis\\\/\",\"url\":\"https:\\\/\\\/slagbaumas.lt\\\/index.php\\\/krepselis\\\/\",\"name\":\"Krep\u0161elis - Kelio u\u017etvaras | \u0160lagbaumas | Automatika\",\"isPartOf\":{\"@id\":\"https:\\\/\\\/slagbaumas.lt\\\/#website\"},\"datePublished\":\"2020-12-09T15:35:42+00:00\",\"breadcrumb\":{\"@id\":\"https:\\\/\\\/slagbaumas.lt\\\/index.php\\\/krepselis\\\/#breadcrumb\"},\"inLanguage\":\"lt-LT\",\"potentialAction\":[{\"@type\":\"ReadAction\",\"target\":[\"https:\\\/\\\/slagbaumas.lt\\\/index.php\\\/krepselis\\\/\"]}]},{\"@type\":\"BreadcrumbList\",\"@id\":\"https:\\\/\\\/slagbaumas.lt\\\/index.php\\\/krepselis\\\/#breadcrumb\",\"itemListElement\":[{\"@type\":\"ListItem\",\"position\":1,\"name\":\"Home\",\"item\":\"https:\\\/\\\/slagbaumas.lt\\\/\"},{\"@type\":\"ListItem\",\"position\":2,\"name\":\"Krep\u0161elis\"}]},{\"@type\":\"WebSite\",\"@id\":\"https:\\\/\\\/slagbaumas.lt\\\/#website\",\"url\":\"https:\\\/\\\/slagbaumas.lt\\\/\",\"name\":\"Kelio u\u017etvaras \\\/ \u0160lagbaumas \\\/ U\u017ekardas\",\"description\":\"Kelio u\u017etvaras | \u0160lagbaumas | Automatika\",\"publisher\":{\"@id\":\"https:\\\/\\\/slagbaumas.lt\\\/#organization\"},\"potentialAction\":[{\"@type\":\"SearchAction\",\"target\":{\"@type\":\"EntryPoint\",\"urlTemplate\":\"https:\\\/\\\/slagbaumas.lt\\\/?s={search_term_string}\"},\"query-input\":{\"@type\":\"PropertyValueSpecification\",\"valueRequired\":true,\"valueName\":\"search_term_string\"}}],\"inLanguage\":\"lt-LT\"},{\"@type\":\"Organization\",\"@id\":\"https:\\\/\\\/slagbaumas.lt\\\/#organization\",\"name\":\"\u0160lagbaumas | Kelio u\u017etvaras | Automatika\",\"url\":\"https:\\\/\\\/slagbaumas.lt\\\/\",\"logo\":{\"@type\":\"ImageObject\",\"inLanguage\":\"lt-LT\",\"@id\":\"https:\\\/\\\/slagbaumas.lt\\\/#\\\/schema\\\/logo\\\/image\\\/\",\"url\":\"https:\\\/\\\/slagbaumas.lt\\\/wp-content\\\/uploads\\\/2020\\\/12\\\/cropped-paradox_ssg-Max-Quality-removebg-preview.png\",\"contentUrl\":\"https:\\\/\\\/slagbaumas.lt\\\/wp-content\\\/uploads\\\/2020\\\/12\\\/cropped-paradox_ssg-Max-Quality-removebg-preview.png\",\"width\":250,\"height\":70,\"caption\":\"\u0160lagbaumas | Kelio u\u017etvaras | Automatika\"},\"image\":{\"@id\":\"https:\\\/\\\/slagbaumas.lt\\\/#\\\/schema\\\/logo\\\/image\\\/\"},\"sameAs\":[\"https:\\\/\\\/www.facebook.com\\\/ssgrupe.lt\",\"https:\\\/\\\/www.instagram.com\\\/ssgrupe\\\/\",\"https:\\\/\\\/www.youtube.com\\\/channel\\\/UCzujJEuABgV1qAFfrF41w8g\"]}]}<\/script>\n<!-- \/ Yoast SEO plugin. -->","yoast_head_json":{"title":"Krep\u0161elis - Kelio u\u017etvaras | \u0160lagbaumas | Automatika","robots":{"index":"index","follow":"follow","max-snippet":"max-snippet:-1","max-image-preview":"max-image-preview:large","max-video-preview":"max-video-preview:-1"},"canonical":"https:\/\/slagbaumas.lt\/index.php\/krepselis\/","og_locale":"lt_LT","og_type":"article","og_title":"Krep\u0161elis - Kelio u\u017etvaras | \u0160lagbaumas | Automatika","og_url":"https:\/\/slagbaumas.lt\/index.php\/krepselis\/","og_site_name":"Kelio u\u017etvaras | \u0160lagbaumas | Automatika","article_publisher":"https:\/\/www.facebook.com\/ssgrupe.lt","twitter_card":"summary_large_image","schema":{"@context":"https:\/\/schema.org","@graph":[{"@type":"WebPage","@id":"https:\/\/slagbaumas.lt\/index.php\/krepselis\/","url":"https:\/\/slagbaumas.lt\/index.php\/krepselis\/","name":"Krep\u0161elis - Kelio u\u017etvaras | \u0160lagbaumas | Automatika","isPartOf":{"@id":"https:\/\/slagbaumas.lt\/#website"},"datePublished":"2020-12-09T15:35:42+00:00","breadcrumb":{"@id":"https:\/\/slagbaumas.lt\/index.php\/krepselis\/#breadcrumb"},"inLanguage":"lt-LT","potentialAction":[{"@type":"ReadAction","target":["https:\/\/slagbaumas.lt\/index.php\/krepselis\/"]}]},{"@type":"BreadcrumbList","@id":"https:\/\/slagbaumas.lt\/index.php\/krepselis\/#breadcrumb","itemListElement":[{"@type":"ListItem","position":1,"name":"Home","item":"https:\/\/slagbaumas.lt\/"},{"@type":"ListItem","position":2,"name":"Krep\u0161elis"}]},{"@type":"WebSite","@id":"https:\/\/slagbaumas.lt\/#website","url":"https:\/\/slagbaumas.lt\/","name":"Kelio u\u017etvaras \/ \u0160lagbaumas \/ U\u017ekardas","description":"Kelio u\u017etvaras | \u0160lagbaumas | Automatika","publisher":{"@id":"https:\/\/slagbaumas.lt\/#organization"},"potentialAction":[{"@type":"SearchAction","target":{"@type":"EntryPoint","urlTemplate":"https:\/\/slagbaumas.lt\/?s={search_term_string}"},"query-input":{"@type":"PropertyValueSpecification","valueRequired":true,"valueName":"search_term_string"}}],"inLanguage":"lt-LT"},{"@type":"Organization","@id":"https:\/\/slagbaumas.lt\/#organization","name":"\u0160lagbaumas | Kelio u\u017etvaras | Automatika","url":"https:\/\/slagbaumas.lt\/","logo":{"@type":"ImageObject","inLanguage":"lt-LT","@id":"https:\/\/slagbaumas.lt\/#\/schema\/logo\/image\/","url":"https:\/\/slagbaumas.lt\/wp-content\/uploads\/2020\/12\/cropped-paradox_ssg-Max-Quality-removebg-preview.png","contentUrl":"https:\/\/slagbaumas.lt\/wp-content\/uploads\/2020\/12\/cropped-paradox_ssg-Max-Quality-removebg-preview.png","width":250,"height":70,"caption":"\u0160lagbaumas | Kelio u\u017etvaras | Automatika"},"image":{"@id":"https:\/\/slagbaumas.lt\/#\/schema\/logo\/image\/"},"sameAs":["https:\/\/www.facebook.com\/ssgrupe.lt","https:\/\/www.instagram.com\/ssgrupe\/","https:\/\/www.youtube.com\/channel\/UCzujJEuABgV1qAFfrF41w8g"]}]}},"jetpack_sharing_enabled":true,"_links":{"self":[{"href":"https:\/\/slagbaumas.lt\/index.php\/wp-json\/wp\/v2\/pages\/20","targetHints":{"allow":["GET"]}}],"collection":[{"href":"https:\/\/slagbaumas.lt\/index.php\/wp-json\/wp\/v2\/pages"}],"about":[{"href":"https:\/\/slagbaumas.lt\/index.php\/wp-json\/wp\/v2\/types\/page"}],"author":[{"embeddable":true,"href":"https:\/\/slagbaumas.lt\/index.php\/wp-json\/wp\/v2\/users\/1"}],"replies":[{"embeddable":true,"href":"https:\/\/slagbaumas.lt\/index.php\/wp-json\/wp\/v2\/comments?post=20"}],"version-history":[{"count":0,"href":"https:\/\/slagbaumas.lt\/index.php\/wp-json\/wp\/v2\/pages\/20\/revisions"}],"wp:attachment":[{"href":"https:\/\/slagbaumas.lt\/index.php\/wp-json\/wp\/v2\/media?parent=20"}],"curies":[{"name":"wp","href":"https:\/\/api.w.org\/{rel}","templated":true}]}}