{"id":105,"date":"2020-12-09T22:04:14","date_gmt":"2020-12-09T22:04:14","guid":{"rendered":"http:\/\/slagbaumas.lt\/?page_id=105"},"modified":"2020-12-10T14:10:09","modified_gmt":"2020-12-10T14:10:09","slug":"naudinga","status":"publish","type":"page","link":"https:\/\/slagbaumas.lt\/index.php\/naudinga\/","title":{"rendered":"Naudinga"},"content":{"rendered":"\t\t<div data-elementor-type=\"wp-page\" data-elementor-id=\"105\" class=\"elementor elementor-105\" data-elementor-post-type=\"page\">\n\t\t\t\t\t\t<section class=\"elementor-section elementor-top-section elementor-element elementor-element-d6de7bd elementor-section-boxed elementor-section-height-default elementor-section-height-default\" data-id=\"d6de7bd\" data-element_type=\"section\" data-e-type=\"section\">\n\t\t\t\t\t\t<div class=\"elementor-container elementor-column-gap-default\">\n\t\t\t\t\t<div class=\"elementor-column elementor-col-100 elementor-top-column elementor-element elementor-element-d337f5b\" data-id=\"d337f5b\" data-element_type=\"column\" data-e-type=\"column\">\n\t\t\t<div class=\"elementor-widget-wrap elementor-element-populated\">\n\t\t\t\t\t\t<div class=\"elementor-element elementor-element-0ad0421 elementor-button-info elementor-widget elementor-widget-button\" data-id=\"0ad0421\" data-element_type=\"widget\" data-e-type=\"widget\" data-widget_type=\"button.default\">\n\t\t\t\t<div class=\"elementor-widget-container\">\n\t\t\t\t\t\t\t\t\t<div class=\"elementor-button-wrapper\">\n\t\t\t\t\t<a class=\"elementor-button elementor-button-link elementor-size-sm\" href=\"https:\/\/slagbaumas.lt\/index.php\/kelio-uztvaras-jusu-kiemui-gsm-skabucio-pagalba\/\">\n\t\t\t\t\t\t<span class=\"elementor-button-content-wrapper\">\n\t\t\t\t\t\t<span class=\"elementor-button-icon\">\n\t\t\t\t<i aria-hidden=\"true\" class=\"far fa-check-circle\"><\/i>\t\t\t<\/span>\n\t\t\t\t\t\t\t\t\t<span class=\"elementor-button-text\">KELIO U\u017dTVARAS J\u016aS\u0172 KIEMUI GSM SKABU\u010cIO PAGALBA<\/span>\n\t\t\t\t\t<\/span>\n\t\t\t\t\t<\/a>\n\t\t\t\t<\/div>\n\t\t\t\t\t\t\t\t<\/div>\n\t\t\t\t<\/div>\n\t\t\t\t\t<\/div>\n\t\t<\/div>\n\t\t\t\t\t<\/div>\n\t\t<\/section>\n\t\t\t\t<section class=\"elementor-section elementor-top-section elementor-element elementor-element-fd36e21 elementor-section-boxed elementor-section-height-default elementor-section-height-default\" data-id=\"fd36e21\" data-element_type=\"section\" data-e-type=\"section\">\n\t\t\t\t\t\t<div class=\"elementor-container elementor-column-gap-default\">\n\t\t\t\t\t<div class=\"elementor-column elementor-col-100 elementor-top-column elementor-element elementor-element-19d4ccf\" data-id=\"19d4ccf\" data-element_type=\"column\" data-e-type=\"column\">\n\t\t\t<div class=\"elementor-widget-wrap elementor-element-populated\">\n\t\t\t\t\t\t<div class=\"elementor-element elementor-element-2f3df19 elementor-button-info elementor-widget elementor-widget-button\" data-id=\"2f3df19\" data-element_type=\"widget\" data-e-type=\"widget\" data-widget_type=\"button.default\">\n\t\t\t\t<div class=\"elementor-widget-container\">\n\t\t\t\t\t\t\t\t\t<div class=\"elementor-button-wrapper\">\n\t\t\t\t\t<a class=\"elementor-button elementor-button-link elementor-size-sm\" href=\"https:\/\/slagbaumas.lt\/index.php\/transporto-priemoniu-ivaziavimo-isvaziavimo-apskaitos-valdymo-sistema-su-uhf-korteliu-pagalba\/\">\n\t\t\t\t\t\t<span class=\"elementor-button-content-wrapper\">\n\t\t\t\t\t\t<span class=\"elementor-button-icon\">\n\t\t\t\t<i aria-hidden=\"true\" class=\"far fa-check-circle\"><\/i>\t\t\t<\/span>\n\t\t\t\t\t\t\t\t\t<span class=\"elementor-button-text\">TRANSPORTO PRIEMONI\u0172 \u012eVA\u017dIAVIMO \/ I\u0160VA\u017dIAVIMO APSKAITOS VALDYMO SISTEMA SU UHF KORTELI\u0172 PAGALBA<\/span>\n\t\t\t\t\t<\/span>\n\t\t\t\t\t<\/a>\n\t\t\t\t<\/div>\n\t\t\t\t\t\t\t\t<\/div>\n\t\t\t\t<\/div>\n\t\t\t\t\t<\/div>\n\t\t<\/div>\n\t\t\t\t\t<\/div>\n\t\t<\/section>\n\t\t\t\t<\/div>\n\t\t","protected":false},"excerpt":{"rendered":"<p>KELIO U\u017dTVARAS J\u016aS\u0172 KIEMUI GSM SKABU\u010cIO PAGALBA TRANSPORTO PRIEMONI\u0172 \u012eVA\u017dIAVIMO \/ I\u0160VA\u017dIAVIMO APSKAITOS VALDYMO SISTEMA SU UHF KORTELI\u0172 PAGALBA<\/p>\n","protected":false},"author":1,"featured_media":0,"parent":0,"menu_order":0,"comment_status":"closed","ping_status":"closed","template":"","meta":{"footnotes":""},"class_list":["post-105","page","type-page","status-publish","hentry"],"aioseo_notices":[],"yoast_head":"<!-- This site is optimized with the Yoast SEO plugin v27.5 - https:\/\/yoast.com\/product\/yoast-seo-wordpress\/ -->\n<title>Naudinga - Kelio u\u017etvaras | \u0160lagbaumas | Automatika<\/title>\n<meta name=\"robots\" content=\"index, follow, max-snippet:-1, max-image-preview:large, max-video-preview:-1\" \/>\n<link rel=\"canonical\" href=\"https:\/\/slagbaumas.lt\/index.php\/naudinga\/\" \/>\n<meta property=\"og:locale\" content=\"lt_LT\" \/>\n<meta property=\"og:type\" content=\"article\" \/>\n<meta property=\"og:title\" content=\"Naudinga - Kelio u\u017etvaras | \u0160lagbaumas | Automatika\" \/>\n<meta property=\"og:description\" content=\"KELIO U\u017dTVARAS J\u016aS\u0172 KIEMUI GSM SKABU\u010cIO PAGALBA TRANSPORTO PRIEMONI\u0172 \u012eVA\u017dIAVIMO \/ I\u0160VA\u017dIAVIMO APSKAITOS VALDYMO SISTEMA SU UHF KORTELI\u0172 PAGALBA\" \/>\n<meta property=\"og:url\" content=\"https:\/\/slagbaumas.lt\/index.php\/naudinga\/\" \/>\n<meta property=\"og:site_name\" content=\"Kelio u\u017etvaras | \u0160lagbaumas | Automatika\" \/>\n<meta property=\"article:publisher\" content=\"https:\/\/www.facebook.com\/ssgrupe.lt\" \/>\n<meta property=\"article:modified_time\" content=\"2020-12-10T14:10:09+00:00\" \/>\n<meta name=\"twitter:card\" content=\"summary_large_image\" \/>\n<script type=\"application\/ld+json\" class=\"yoast-schema-graph\">{\"@context\":\"https:\\\/\\\/schema.org\",\"@graph\":[{\"@type\":\"WebPage\",\"@id\":\"https:\\\/\\\/slagbaumas.lt\\\/index.php\\\/naudinga\\\/\",\"url\":\"https:\\\/\\\/slagbaumas.lt\\\/index.php\\\/naudinga\\\/\",\"name\":\"Naudinga - Kelio u\u017etvaras | \u0160lagbaumas | Automatika\",\"isPartOf\":{\"@id\":\"https:\\\/\\\/slagbaumas.lt\\\/#website\"},\"datePublished\":\"2020-12-09T22:04:14+00:00\",\"dateModified\":\"2020-12-10T14:10:09+00:00\",\"breadcrumb\":{\"@id\":\"https:\\\/\\\/slagbaumas.lt\\\/index.php\\\/naudinga\\\/#breadcrumb\"},\"inLanguage\":\"lt-LT\",\"potentialAction\":[{\"@type\":\"ReadAction\",\"target\":[\"https:\\\/\\\/slagbaumas.lt\\\/index.php\\\/naudinga\\\/\"]}]},{\"@type\":\"BreadcrumbList\",\"@id\":\"https:\\\/\\\/slagbaumas.lt\\\/index.php\\\/naudinga\\\/#breadcrumb\",\"itemListElement\":[{\"@type\":\"ListItem\",\"position\":1,\"name\":\"Home\",\"item\":\"https:\\\/\\\/slagbaumas.lt\\\/\"},{\"@type\":\"ListItem\",\"position\":2,\"name\":\"Naudinga\"}]},{\"@type\":\"WebSite\",\"@id\":\"https:\\\/\\\/slagbaumas.lt\\\/#website\",\"url\":\"https:\\\/\\\/slagbaumas.lt\\\/\",\"name\":\"Kelio u\u017etvaras \\\/ \u0160lagbaumas \\\/ U\u017ekardas\",\"description\":\"Kelio u\u017etvaras | \u0160lagbaumas | Automatika\",\"publisher\":{\"@id\":\"https:\\\/\\\/slagbaumas.lt\\\/#organization\"},\"potentialAction\":[{\"@type\":\"SearchAction\",\"target\":{\"@type\":\"EntryPoint\",\"urlTemplate\":\"https:\\\/\\\/slagbaumas.lt\\\/?s={search_term_string}\"},\"query-input\":{\"@type\":\"PropertyValueSpecification\",\"valueRequired\":true,\"valueName\":\"search_term_string\"}}],\"inLanguage\":\"lt-LT\"},{\"@type\":\"Organization\",\"@id\":\"https:\\\/\\\/slagbaumas.lt\\\/#organization\",\"name\":\"\u0160lagbaumas | Kelio u\u017etvaras | Automatika\",\"url\":\"https:\\\/\\\/slagbaumas.lt\\\/\",\"logo\":{\"@type\":\"ImageObject\",\"inLanguage\":\"lt-LT\",\"@id\":\"https:\\\/\\\/slagbaumas.lt\\\/#\\\/schema\\\/logo\\\/image\\\/\",\"url\":\"https:\\\/\\\/slagbaumas.lt\\\/wp-content\\\/uploads\\\/2020\\\/12\\\/cropped-paradox_ssg-Max-Quality-removebg-preview.png\",\"contentUrl\":\"https:\\\/\\\/slagbaumas.lt\\\/wp-content\\\/uploads\\\/2020\\\/12\\\/cropped-paradox_ssg-Max-Quality-removebg-preview.png\",\"width\":250,\"height\":70,\"caption\":\"\u0160lagbaumas | Kelio u\u017etvaras | Automatika\"},\"image\":{\"@id\":\"https:\\\/\\\/slagbaumas.lt\\\/#\\\/schema\\\/logo\\\/image\\\/\"},\"sameAs\":[\"https:\\\/\\\/www.facebook.com\\\/ssgrupe.lt\",\"https:\\\/\\\/www.instagram.com\\\/ssgrupe\\\/\",\"https:\\\/\\\/www.youtube.com\\\/channel\\\/UCzujJEuABgV1qAFfrF41w8g\"]}]}<\/script>\n<!-- \/ Yoast SEO plugin. -->","yoast_head_json":{"title":"Naudinga - Kelio u\u017etvaras | \u0160lagbaumas | Automatika","robots":{"index":"index","follow":"follow","max-snippet":"max-snippet:-1","max-image-preview":"max-image-preview:large","max-video-preview":"max-video-preview:-1"},"canonical":"https:\/\/slagbaumas.lt\/index.php\/naudinga\/","og_locale":"lt_LT","og_type":"article","og_title":"Naudinga - Kelio u\u017etvaras | \u0160lagbaumas | Automatika","og_description":"KELIO U\u017dTVARAS J\u016aS\u0172 KIEMUI GSM SKABU\u010cIO PAGALBA TRANSPORTO PRIEMONI\u0172 \u012eVA\u017dIAVIMO \/ I\u0160VA\u017dIAVIMO APSKAITOS VALDYMO SISTEMA SU UHF KORTELI\u0172 PAGALBA","og_url":"https:\/\/slagbaumas.lt\/index.php\/naudinga\/","og_site_name":"Kelio u\u017etvaras | \u0160lagbaumas | Automatika","article_publisher":"https:\/\/www.facebook.com\/ssgrupe.lt","article_modified_time":"2020-12-10T14:10:09+00:00","twitter_card":"summary_large_image","schema":{"@context":"https:\/\/schema.org","@graph":[{"@type":"WebPage","@id":"https:\/\/slagbaumas.lt\/index.php\/naudinga\/","url":"https:\/\/slagbaumas.lt\/index.php\/naudinga\/","name":"Naudinga - Kelio u\u017etvaras | \u0160lagbaumas | Automatika","isPartOf":{"@id":"https:\/\/slagbaumas.lt\/#website"},"datePublished":"2020-12-09T22:04:14+00:00","dateModified":"2020-12-10T14:10:09+00:00","breadcrumb":{"@id":"https:\/\/slagbaumas.lt\/index.php\/naudinga\/#breadcrumb"},"inLanguage":"lt-LT","potentialAction":[{"@type":"ReadAction","target":["https:\/\/slagbaumas.lt\/index.php\/naudinga\/"]}]},{"@type":"BreadcrumbList","@id":"https:\/\/slagbaumas.lt\/index.php\/naudinga\/#breadcrumb","itemListElement":[{"@type":"ListItem","position":1,"name":"Home","item":"https:\/\/slagbaumas.lt\/"},{"@type":"ListItem","position":2,"name":"Naudinga"}]},{"@type":"WebSite","@id":"https:\/\/slagbaumas.lt\/#website","url":"https:\/\/slagbaumas.lt\/","name":"Kelio u\u017etvaras \/ \u0160lagbaumas \/ U\u017ekardas","description":"Kelio u\u017etvaras | \u0160lagbaumas | Automatika","publisher":{"@id":"https:\/\/slagbaumas.lt\/#organization"},"potentialAction":[{"@type":"SearchAction","target":{"@type":"EntryPoint","urlTemplate":"https:\/\/slagbaumas.lt\/?s={search_term_string}"},"query-input":{"@type":"PropertyValueSpecification","valueRequired":true,"valueName":"search_term_string"}}],"inLanguage":"lt-LT"},{"@type":"Organization","@id":"https:\/\/slagbaumas.lt\/#organization","name":"\u0160lagbaumas | Kelio u\u017etvaras | Automatika","url":"https:\/\/slagbaumas.lt\/","logo":{"@type":"ImageObject","inLanguage":"lt-LT","@id":"https:\/\/slagbaumas.lt\/#\/schema\/logo\/image\/","url":"https:\/\/slagbaumas.lt\/wp-content\/uploads\/2020\/12\/cropped-paradox_ssg-Max-Quality-removebg-preview.png","contentUrl":"https:\/\/slagbaumas.lt\/wp-content\/uploads\/2020\/12\/cropped-paradox_ssg-Max-Quality-removebg-preview.png","width":250,"height":70,"caption":"\u0160lagbaumas | Kelio u\u017etvaras | Automatika"},"image":{"@id":"https:\/\/slagbaumas.lt\/#\/schema\/logo\/image\/"},"sameAs":["https:\/\/www.facebook.com\/ssgrupe.lt","https:\/\/www.instagram.com\/ssgrupe\/","https:\/\/www.youtube.com\/channel\/UCzujJEuABgV1qAFfrF41w8g"]}]}},"jetpack_sharing_enabled":true,"_links":{"self":[{"href":"https:\/\/slagbaumas.lt\/index.php\/wp-json\/wp\/v2\/pages\/105","targetHints":{"allow":["GET"]}}],"collection":[{"href":"https:\/\/slagbaumas.lt\/index.php\/wp-json\/wp\/v2\/pages"}],"about":[{"href":"https:\/\/slagbaumas.lt\/index.php\/wp-json\/wp\/v2\/types\/page"}],"author":[{"embeddable":true,"href":"https:\/\/slagbaumas.lt\/index.php\/wp-json\/wp\/v2\/users\/1"}],"replies":[{"embeddable":true,"href":"https:\/\/slagbaumas.lt\/index.php\/wp-json\/wp\/v2\/comments?post=105"}],"version-history":[{"count":19,"href":"https:\/\/slagbaumas.lt\/index.php\/wp-json\/wp\/v2\/pages\/105\/revisions"}],"predecessor-version":[{"id":392,"href":"https:\/\/slagbaumas.lt\/index.php\/wp-json\/wp\/v2\/pages\/105\/revisions\/392"}],"wp:attachment":[{"href":"https:\/\/slagbaumas.lt\/index.php\/wp-json\/wp\/v2\/media?parent=105"}],"curies":[{"name":"wp","href":"https:\/\/api.w.org\/{rel}","templated":true}]}}